{"id":32,"date":"2026-05-04T16:22:40","date_gmt":"2026-05-04T16:22:40","guid":{"rendered":"https:\/\/apada.pt\/?page_id=32"},"modified":"2026-05-07T10:57:16","modified_gmt":"2026-05-07T10:57:16","slug":"apada","status":"publish","type":"page","link":"https:\/\/apada.pt\/index.php\/apada\/","title":{"rendered":"APADA"},"content":{"rendered":"\t\t<div data-elementor-type=\"wp-page\" data-elementor-id=\"32\" class=\"elementor elementor-32\" data-elementor-post-type=\"page\">\n\t\t\t\t<div class=\"elementor-element elementor-element-1be7caf e-con-full e-flex e-con e-parent\" data-id=\"1be7caf\" data-element_type=\"container\" data-e-type=\"container\" data-settings=\"{&quot;background_background&quot;:&quot;classic&quot;}\">\n\t\t<div class=\"elementor-element elementor-element-ac15466 e-con-full e-flex e-con e-child\" data-id=\"ac15466\" data-element_type=\"container\" data-e-type=\"container\">\n\t\t\t\t<div class=\"elementor-element elementor-element-9c8ac61 elementor-widget elementor-widget-heading\" data-id=\"9c8ac61\" data-element_type=\"widget\" data-e-type=\"widget\" data-widget_type=\"heading.default\">\n\t\t\t\t\t<h2 class=\"elementor-heading-title elementor-size-default\">A APADA<\/h2>\t\t\t\t<\/div>\n\t\t\t\t<div class=\"elementor-element elementor-element-f582b40 elementor-widget elementor-widget-text-editor\" data-id=\"f582b40\" data-element_type=\"widget\" data-e-type=\"widget\" data-widget_type=\"text-editor.default\">\n\t\t\t\t\t\t\t\t\t<p class=\"font_9 wixui-rich-text__text\"><span class=\"wixui-rich-text__text\"><span class=\"color_15 wixui-rich-text__text\">A Associa\u00e7\u00e3o Portuguesa de Aikid\u00f4 e Disciplinas Associadas (APADA) foi criada em 1975, pela iniciativa do Mestre Georges Stobbaerts, fundador do Aikido em Portugal, e de um grupo de alunos que praticavam no Budokan de Cascais, na rua Gomes Freire.<\/span><\/span><\/p><p class=\"font_9 wixui-rich-text__text\"><span class=\"wixui-rich-text__text\"><span class=\"color_15 wixui-rich-text__text\">\u00c9 uma Associa\u00e7\u00e3o sem fins lucrativos que promove o Aikid\u00f4 criado pelo Mestre Morihei Ueshiba (Ai &#8211; harmonia, Ki &#8211; for\u00e7a c\u00f3smica &#8211; vida, Do &#8211; caminho com fim espiritual) e Disciplinas Associadas, velando por uma adequada aplica\u00e7\u00e3o dos seus princ\u00edpios.<\/span><\/span><\/p><p class=\"font_9 wixui-rich-text__text\"><span class=\"wixui-rich-text__text\"><span class=\"color_15 wixui-rich-text__text\">A APADA segue a escola do Mestre\u00a0<a class=\"wixui-rich-text__text\" href=\"http:\/\/asu.org\/senior_instructors\/mitsugi-saotome-shihan\/\" target=\"_blank\" rel=\"noreferrer noopener\">Mitsugi Saotome Shihan,<\/a>\u00a0Director T\u00e9cnico da organiza\u00e7\u00e3o\u00a0<a class=\"wixui-rich-text__text\" href=\"http:\/\/www.asu.org\/\" target=\"_blank\" rel=\"noreferrer noopener\">Aikido Schools of Ueshiba<\/a>\u00a0(ASU) filiada no \u201cAikikai World Headquarters.<\/span><\/span><\/p><p class=\"font_9 wixui-rich-text__text\"><span class=\"wixui-rich-text__text\"><span class=\"color_15 wixui-rich-text__text\">Inspirado pelo Aikido do O Sensei, Mestre Mitsugi Saotome criou nos Estados Unidos a escola &#8220;Aikido Schools of Ueshiba &#8211; ASU&#8221;, e h\u00e1 relativamente pouco tempo, depois de v\u00e1rias d\u00e9cadas de ensino, escreve um livro onde exp\u00f5e a ess\u00eancia do Aikido.<\/span><\/span><\/p><p class=\"font_9 wixui-rich-text__text\"><span class=\"wixui-rich-text__text\"><span class=\"color_15 wixui-rich-text__text\">Sem se substituir \u00e0 transmiss\u00e3o directa do Mestre,\u00a0<a class=\"wixui-rich-text__text\" href=\"https:\/\/www.aikidopetaluma.com\/2018\/05\/27\/book-review-a-light-on-transmission-by-mitsogi-saotome\/\" target=\"_blank\" rel=\"noreferrer noopener\">&#8220;Light on Transmission&#8221;<\/a>\u00a0\u00e9 um livro muito especial, uma fonte fundamental deste legado e um encorajamento para os aikidokas da APADA se sintonizarem a este ensino, praticando um Aikid\u00f4 guiado pelos seus princ\u00edpios.<\/span><\/span><\/p>\t\t\t\t\t\t\t\t<\/div>\n\t\t\t\t<div class=\"elementor-element elementor-element-9fb20c4 elementor-widget elementor-widget-heading\" data-id=\"9fb20c4\" data-element_type=\"widget\" data-e-type=\"widget\" data-widget_type=\"heading.default\">\n\t\t\t\t\t<h5 class=\"elementor-heading-title elementor-size-default\">Contactos<\/h5>\t\t\t\t<\/div>\n\t\t\t\t<div class=\"elementor-element elementor-element-73cf11e elementor-icon-list--layout-traditional elementor-list-item-link-full_width elementor-widget elementor-widget-icon-list\" data-id=\"73cf11e\" data-element_type=\"widget\" data-e-type=\"widget\" data-widget_type=\"icon-list.default\">\n\t\t\t\t\t\t\t<ul class=\"elementor-icon-list-items\">\n\t\t\t\t\t\t\t<li class=\"elementor-icon-list-item\">\n\t\t\t\t\t\t\t\t\t\t\t<a href=\"mailto:geral@apada.pt\" target=\"_blank\">\n\n\t\t\t\t\t\t\t\t\t\t\t\t<span class=\"elementor-icon-list-icon\">\n\t\t\t\t\t\t\t<svg aria-hidden=\"true\" class=\"e-font-icon-svg e-fas-at\" viewBox=\"0 0 512 512\" xmlns=\"http:\/\/www.w3.org\/2000\/svg\"><path d=\"M256 8C118.941 8 8 118.919 8 256c0 137.059 110.919 248 248 248 48.154 0 95.342-14.14 135.408-40.223 12.005-7.815 14.625-24.288 5.552-35.372l-10.177-12.433c-7.671-9.371-21.179-11.667-31.373-5.129C325.92 429.757 291.314 440 256 440c-101.458 0-184-82.542-184-184S154.542 72 256 72c100.139 0 184 57.619 184 160 0 38.786-21.093 79.742-58.17 83.693-17.349-.454-16.91-12.857-13.476-30.024l23.433-121.11C394.653 149.75 383.308 136 368.225 136h-44.981a13.518 13.518 0 0 0-13.432 11.993l-.01.092c-14.697-17.901-40.448-21.775-59.971-21.775-74.58 0-137.831 62.234-137.831 151.46 0 65.303 36.785 105.87 96 105.87 26.984 0 57.369-15.637 74.991-38.333 9.522 34.104 40.613 34.103 70.71 34.103C462.609 379.41 504 307.798 504 232 504 95.653 394.023 8 256 8zm-21.68 304.43c-22.249 0-36.07-15.623-36.07-40.771 0-44.993 30.779-72.729 58.63-72.729 22.292 0 35.601 15.241 35.601 40.77 0 45.061-33.875 72.73-58.161 72.73z\"><\/path><\/svg>\t\t\t\t\t\t<\/span>\n\t\t\t\t\t\t\t\t\t\t<span class=\"elementor-icon-list-text\">geral@apada.pt<\/span>\n\t\t\t\t\t\t\t\t\t\t\t<\/a>\n\t\t\t\t\t\t\t\t\t<\/li>\n\t\t\t\t\t\t\t\t<li class=\"elementor-icon-list-item\">\n\t\t\t\t\t\t\t\t\t\t\t<a href=\"https:\/\/www.facebook.com\/APADA.AIKIDO\" target=\"_blank\">\n\n\t\t\t\t\t\t\t\t\t\t\t\t<span class=\"elementor-icon-list-icon\">\n\t\t\t\t\t\t\t<svg aria-hidden=\"true\" class=\"e-font-icon-svg e-fab-facebook\" viewBox=\"0 0 512 512\" xmlns=\"http:\/\/www.w3.org\/2000\/svg\"><path d=\"M504 256C504 119 393 8 256 8S8 119 8 256c0 123.78 90.69 226.38 209.25 245V327.69h-63V256h63v-54.64c0-62.15 37-96.48 93.67-96.48 27.14 0 55.52 4.84 55.52 4.84v61h-31.28c-30.8 0-40.41 19.12-40.41 38.73V256h68.78l-11 71.69h-57.78V501C413.31 482.38 504 379.78 504 256z\"><\/path><\/svg>\t\t\t\t\t\t<\/span>\n\t\t\t\t\t\t\t\t\t\t<span class=\"elementor-icon-list-text\">Facebook da APADA<\/span>\n\t\t\t\t\t\t\t\t\t\t\t<\/a>\n\t\t\t\t\t\t\t\t\t<\/li>\n\t\t\t\t\t\t<\/ul>\n\t\t\t\t\t\t<\/div>\n\t\t\t\t<\/div>\n\t\t<div class=\"elementor-element elementor-element-8c6b01e e-con-full e-flex e-con e-child\" data-id=\"8c6b01e\" data-element_type=\"container\" data-e-type=\"container\" data-settings=\"{&quot;background_background&quot;:&quot;classic&quot;}\">\n\t\t\t\t<div class=\"elementor-element elementor-element-f41d593 elementor-widget elementor-widget-image\" data-id=\"f41d593\" data-element_type=\"widget\" data-e-type=\"widget\" data-widget_type=\"image.default\">\n\t\t\t\t\t\t\t\t\t\t\t\t\t\t\t<img fetchpriority=\"high\" decoding=\"async\" width=\"512\" height=\"512\" src=\"https:\/\/apada.pt\/wp-content\/uploads\/2026\/05\/cropped-LOGO_APADA_banner.avif\" class=\"attachment-large size-large wp-image-52\" alt=\"\" srcset=\"https:\/\/apada.pt\/wp-content\/uploads\/2026\/05\/cropped-LOGO_APADA_banner.avif 512w, https:\/\/apada.pt\/wp-content\/uploads\/2026\/05\/cropped-LOGO_APADA_banner-300x300.avif 300w, https:\/\/apada.pt\/wp-content\/uploads\/2026\/05\/cropped-LOGO_APADA_banner-150x150.avif 150w, https:\/\/apada.pt\/wp-content\/uploads\/2026\/05\/cropped-LOGO_APADA_banner-270x270.avif 270w, https:\/\/apada.pt\/wp-content\/uploads\/2026\/05\/cropped-LOGO_APADA_banner-192x192.avif 192w, https:\/\/apada.pt\/wp-content\/uploads\/2026\/05\/cropped-LOGO_APADA_banner-180x180.avif 180w, https:\/\/apada.pt\/wp-content\/uploads\/2026\/05\/cropped-LOGO_APADA_banner-32x32.avif 32w\" sizes=\"(max-width: 512px) 100vw, 512px\" \/>\t\t\t\t\t\t\t\t\t\t\t\t\t\t\t<\/div>\n\t\t\t\t<\/div>\n\t\t\t\t<\/div>\n\t\t<div class=\"elementor-element elementor-element-a6341bd elementor-hidden-desktop elementor-hidden-tablet elementor-hidden-mobile e-flex e-con-boxed e-con e-parent\" data-id=\"a6341bd\" data-element_type=\"container\" data-e-type=\"container\" data-settings=\"{&quot;background_background&quot;:&quot;classic&quot;}\">\n\t\t\t\t\t<div class=\"e-con-inner\">\n\t\t\t\t<div class=\"elementor-element elementor-element-fe33242 elementor-widget elementor-widget-video\" data-id=\"fe33242\" data-element_type=\"widget\" data-e-type=\"widget\" data-settings=\"{&quot;youtube_url&quot;:&quot;https:\\\/\\\/www.youtube.com\\\/watch?v=XHOmBV4js_E&quot;,&quot;video_type&quot;:&quot;youtube&quot;,&quot;controls&quot;:&quot;yes&quot;}\" data-widget_type=\"video.default\">\n\t\t\t\t\t\t\t<div class=\"elementor-wrapper elementor-open-inline\">\n\t\t\t<div class=\"elementor-video\"><\/div>\t\t<\/div>\n\t\t\t\t\t\t<\/div>\n\t\t\t\t\t<\/div>\n\t\t\t\t<\/div>\n\t\t<div class=\"elementor-element elementor-element-5de522b e-con-full e-flex e-con e-parent\" data-id=\"5de522b\" data-element_type=\"container\" data-e-type=\"container\" data-settings=\"{&quot;background_background&quot;:&quot;classic&quot;}\">\n\t\t<div class=\"elementor-element elementor-element-95a5776 e-con-full e-flex e-con e-child\" data-id=\"95a5776\" data-element_type=\"container\" data-e-type=\"container\" data-settings=\"{&quot;background_background&quot;:&quot;classic&quot;}\">\n\t\t\t\t<div class=\"elementor-element elementor-element-4902ab0 elementor-widget elementor-widget-heading\" data-id=\"4902ab0\" data-element_type=\"widget\" data-e-type=\"widget\" data-widget_type=\"heading.default\">\n\t\t\t\t\t<h5 class=\"elementor-heading-title elementor-size-default\">CORPOS GERENTES<\/h5>\t\t\t\t<\/div>\n\t\t\t\t<div class=\"elementor-element elementor-element-4024bcc elementor-align-center elementor-widget elementor-widget-button\" data-id=\"4024bcc\" data-element_type=\"widget\" data-e-type=\"widget\" data-widget_type=\"button.default\">\n\t\t\t\t\t\t\t\t\t\t<a class=\"elementor-button elementor-button-link elementor-size-sm\" href=\"https:\/\/apada.pt\/wp-content\/uploads\/2026\/05\/corpos-gerentes-apada.pdf\" target=\"_blank\">\n\t\t\t\t\t\t<span class=\"elementor-button-content-wrapper\">\n\t\t\t\t\t\t\t\t\t<span class=\"elementor-button-text\">Saber Mais<\/span>\n\t\t\t\t\t<\/span>\n\t\t\t\t\t<\/a>\n\t\t\t\t\t\t\t\t<\/div>\n\t\t\t\t<\/div>\n\t\t<div class=\"elementor-element elementor-element-e015cd5 e-con-full e-flex e-con e-child\" data-id=\"e015cd5\" data-element_type=\"container\" data-e-type=\"container\" data-settings=\"{&quot;background_background&quot;:&quot;classic&quot;}\">\n\t\t\t\t<div class=\"elementor-element elementor-element-1325ff1 elementor-widget elementor-widget-heading\" data-id=\"1325ff1\" data-element_type=\"widget\" data-e-type=\"widget\" data-widget_type=\"heading.default\">\n\t\t\t\t\t<h5 class=\"elementor-heading-title elementor-size-default\">ESTATUTOS APADA<\/h5>\t\t\t\t<\/div>\n\t\t\t\t<div class=\"elementor-element elementor-element-a6ffcc7 elementor-align-center elementor-widget elementor-widget-button\" data-id=\"a6ffcc7\" data-element_type=\"widget\" data-e-type=\"widget\" data-widget_type=\"button.default\">\n\t\t\t\t\t\t\t\t\t\t<a class=\"elementor-button elementor-button-link elementor-size-sm\" href=\"https:\/\/apada.pt\/wp-content\/uploads\/2026\/05\/estatutos-apada.pdf\" target=\"_blank\">\n\t\t\t\t\t\t<span class=\"elementor-button-content-wrapper\">\n\t\t\t\t\t\t\t\t\t<span class=\"elementor-button-text\">Saber Mais<\/span>\n\t\t\t\t\t<\/span>\n\t\t\t\t\t<\/a>\n\t\t\t\t\t\t\t\t<\/div>\n\t\t\t\t<\/div>\n\t\t<div class=\"elementor-element elementor-element-93906b8 e-con-full e-flex e-con e-child\" data-id=\"93906b8\" data-element_type=\"container\" data-e-type=\"container\" data-settings=\"{&quot;background_background&quot;:&quot;classic&quot;}\">\n\t\t\t\t<div class=\"elementor-element elementor-element-ddb55a5 elementor-widget elementor-widget-heading\" data-id=\"ddb55a5\" data-element_type=\"widget\" data-e-type=\"widget\" data-widget_type=\"heading.default\">\n\t\t\t\t\t<h5 class=\"elementor-heading-title elementor-size-default\">REGULAMENTO T\u00c9CNICO APADA<\/h5>\t\t\t\t<\/div>\n\t\t\t\t<div class=\"elementor-element elementor-element-df61504 elementor-align-center elementor-widget elementor-widget-button\" data-id=\"df61504\" data-element_type=\"widget\" data-e-type=\"widget\" data-widget_type=\"button.default\">\n\t\t\t\t\t\t\t\t\t\t<a class=\"elementor-button elementor-button-link elementor-size-sm\" href=\"https:\/\/apada.pt\/wp-content\/uploads\/2026\/05\/regulamento-apada.pdf\" target=\"_blank\">\n\t\t\t\t\t\t<span class=\"elementor-button-content-wrapper\">\n\t\t\t\t\t\t\t\t\t<span class=\"elementor-button-text\">Saber Mais<\/span>\n\t\t\t\t\t<\/span>\n\t\t\t\t\t<\/a>\n\t\t\t\t\t\t\t\t<\/div>\n\t\t\t\t<\/div>\n\t\t<div class=\"elementor-element elementor-element-4cf132f e-con-full e-flex e-con e-child\" data-id=\"4cf132f\" data-element_type=\"container\" data-e-type=\"container\" data-settings=\"{&quot;background_background&quot;:&quot;classic&quot;}\">\n\t\t\t\t<div class=\"elementor-element elementor-element-eb75986 elementor-widget elementor-widget-heading\" data-id=\"eb75986\" data-element_type=\"widget\" data-e-type=\"widget\" data-widget_type=\"heading.default\">\n\t\t\t\t\t<h5 class=\"elementor-heading-title elementor-size-default\">SEGURO DESPORTIVO FPA<\/h5>\t\t\t\t<\/div>\n\t\t\t\t<div class=\"elementor-element elementor-element-c30e33e elementor-align-center elementor-widget elementor-widget-button\" data-id=\"c30e33e\" data-element_type=\"widget\" data-e-type=\"widget\" data-widget_type=\"button.default\">\n\t\t\t\t\t\t\t\t\t\t<a class=\"elementor-button elementor-button-link elementor-size-sm\" href=\"https:\/\/www.fpaikido.pt\/node\/55\" target=\"_blank\">\n\t\t\t\t\t\t<span class=\"elementor-button-content-wrapper\">\n\t\t\t\t\t\t\t\t\t<span class=\"elementor-button-text\">Saber Mais<\/span>\n\t\t\t\t\t<\/span>\n\t\t\t\t\t<\/a>\n\t\t\t\t\t\t\t\t<\/div>\n\t\t\t\t<\/div>\n\t\t\t\t<\/div>\n\t\t<div class=\"elementor-element elementor-element-6b8f285 e-flex e-con-boxed e-con e-parent\" data-id=\"6b8f285\" data-element_type=\"container\" data-e-type=\"container\">\n\t\t\t\t\t<div class=\"e-con-inner\">\n\t\t\t\t\t<\/div>\n\t\t\t\t<\/div>\n\t\t\t\t<\/div>\n\t\t","protected":false},"excerpt":{"rendered":"<p>A APADA A Associa\u00e7\u00e3o Portuguesa de Aikid\u00f4 e Disciplinas Associadas (APADA) foi criada em 1975, pela iniciativa do Mestre Georges Stobbaerts, fundador do Aikido em Portugal, e de um grupo de alunos que praticavam no Budokan de Cascais, na rua Gomes Freire. \u00c9 uma Associa\u00e7\u00e3o sem fins lucrativos que promove o Aikid\u00f4 criado pelo Mestre [&hellip;]<\/p>\n","protected":false},"author":2,"featured_media":0,"parent":0,"menu_order":0,"comment_status":"closed","ping_status":"closed","template":"elementor_header_footer","meta":{"footnotes":""},"class_list":["post-32","page","type-page","status-publish","hentry"],"yoast_head":"<!-- This site is optimized with the Yoast SEO plugin v27.5 - https:\/\/yoast.com\/product\/yoast-seo-wordpress\/ -->\n<title>APADA - Associa\u00e7\u00e3o Portuguesa De Aikido e Disciplinas Associadas<\/title>\n<meta name=\"robots\" content=\"index, follow, max-snippet:-1, max-image-preview:large, max-video-preview:-1\" \/>\n<link rel=\"canonical\" href=\"https:\/\/apada.pt\/index.php\/apada\/\" \/>\n<meta property=\"og:locale\" content=\"pt_PT\" \/>\n<meta property=\"og:type\" content=\"article\" \/>\n<meta property=\"og:title\" content=\"APADA - Associa\u00e7\u00e3o Portuguesa De Aikido e Disciplinas Associadas\" \/>\n<meta property=\"og:description\" content=\"A APADA A Associa\u00e7\u00e3o Portuguesa de Aikid\u00f4 e Disciplinas Associadas (APADA) foi criada em 1975, pela iniciativa do Mestre Georges Stobbaerts, fundador do Aikido em Portugal, e de um grupo de alunos que praticavam no Budokan de Cascais, na rua Gomes Freire. \u00c9 uma Associa\u00e7\u00e3o sem fins lucrativos que promove o Aikid\u00f4 criado pelo Mestre [&hellip;]\" \/>\n<meta property=\"og:url\" content=\"https:\/\/apada.pt\/index.php\/apada\/\" \/>\n<meta property=\"og:site_name\" content=\"Associa\u00e7\u00e3o Portuguesa De Aikido e Disciplinas Associadas\" \/>\n<meta property=\"article:modified_time\" content=\"2026-05-07T10:57:16+00:00\" \/>\n<meta name=\"twitter:card\" content=\"summary_large_image\" \/>\n<meta name=\"twitter:label1\" content=\"Tempo estimado de leitura\" \/>\n\t<meta name=\"twitter:data1\" content=\"2 minutos\" \/>\n<script type=\"application\/ld+json\" class=\"yoast-schema-graph\">{\"@context\":\"https:\\\/\\\/schema.org\",\"@graph\":[{\"@type\":\"WebPage\",\"@id\":\"https:\\\/\\\/apada.pt\\\/index.php\\\/apada\\\/\",\"url\":\"https:\\\/\\\/apada.pt\\\/index.php\\\/apada\\\/\",\"name\":\"APADA - Associa\u00e7\u00e3o Portuguesa De Aikido e Disciplinas Associadas\",\"isPartOf\":{\"@id\":\"https:\\\/\\\/apada.pt\\\/#website\"},\"primaryImageOfPage\":{\"@id\":\"https:\\\/\\\/apada.pt\\\/index.php\\\/apada\\\/#primaryimage\"},\"image\":{\"@id\":\"https:\\\/\\\/apada.pt\\\/index.php\\\/apada\\\/#primaryimage\"},\"thumbnailUrl\":\"https:\\\/\\\/apada.pt\\\/wp-content\\\/uploads\\\/2026\\\/05\\\/cropped-LOGO_APADA_banner.avif\",\"datePublished\":\"2026-05-04T16:22:40+00:00\",\"dateModified\":\"2026-05-07T10:57:16+00:00\",\"breadcrumb\":{\"@id\":\"https:\\\/\\\/apada.pt\\\/index.php\\\/apada\\\/#breadcrumb\"},\"inLanguage\":\"pt-PT\",\"potentialAction\":[{\"@type\":\"ReadAction\",\"target\":[\"https:\\\/\\\/apada.pt\\\/index.php\\\/apada\\\/\"]}]},{\"@type\":\"ImageObject\",\"inLanguage\":\"pt-PT\",\"@id\":\"https:\\\/\\\/apada.pt\\\/index.php\\\/apada\\\/#primaryimage\",\"url\":\"https:\\\/\\\/apada.pt\\\/wp-content\\\/uploads\\\/2026\\\/05\\\/cropped-LOGO_APADA_banner.avif\",\"contentUrl\":\"https:\\\/\\\/apada.pt\\\/wp-content\\\/uploads\\\/2026\\\/05\\\/cropped-LOGO_APADA_banner.avif\",\"width\":512,\"height\":512},{\"@type\":\"BreadcrumbList\",\"@id\":\"https:\\\/\\\/apada.pt\\\/index.php\\\/apada\\\/#breadcrumb\",\"itemListElement\":[{\"@type\":\"ListItem\",\"position\":1,\"name\":\"Home\",\"item\":\"https:\\\/\\\/apada.pt\\\/\"},{\"@type\":\"ListItem\",\"position\":2,\"name\":\"APADA\"}]},{\"@type\":\"WebSite\",\"@id\":\"https:\\\/\\\/apada.pt\\\/#website\",\"url\":\"https:\\\/\\\/apada.pt\\\/\",\"name\":\"Associa\u00e7\u00e3o Portuguesa De Aikido e Disciplinas Associadas\",\"description\":\"\u00c9 uma Associa\u00e7\u00e3o sem fins lucrativos que promove o Aikid\u00f4 criado pelo Mestre Morihei Ueshiba (Ai - harmonia, Ki - for\u00e7a c\u00f3smica - vida, Do - caminho com fim espiritual) e Disciplinas Associadas, velando por uma adequada aplica\u00e7\u00e3o dos seus princ\u00edpios.\",\"publisher\":{\"@id\":\"https:\\\/\\\/apada.pt\\\/#organization\"},\"potentialAction\":[{\"@type\":\"SearchAction\",\"target\":{\"@type\":\"EntryPoint\",\"urlTemplate\":\"https:\\\/\\\/apada.pt\\\/?s={search_term_string}\"},\"query-input\":{\"@type\":\"PropertyValueSpecification\",\"valueRequired\":true,\"valueName\":\"search_term_string\"}}],\"inLanguage\":\"pt-PT\"},{\"@type\":\"Organization\",\"@id\":\"https:\\\/\\\/apada.pt\\\/#organization\",\"name\":\"Associa\u00e7\u00e3o Portuguesa De Aikido e Disciplinas Associadas\",\"url\":\"https:\\\/\\\/apada.pt\\\/\",\"logo\":{\"@type\":\"ImageObject\",\"inLanguage\":\"pt-PT\",\"@id\":\"https:\\\/\\\/apada.pt\\\/#\\\/schema\\\/logo\\\/image\\\/\",\"url\":\"https:\\\/\\\/apada.pt\\\/wp-content\\\/uploads\\\/2026\\\/05\\\/cropped-LOGO_APADA_banner.avif\",\"contentUrl\":\"https:\\\/\\\/apada.pt\\\/wp-content\\\/uploads\\\/2026\\\/05\\\/cropped-LOGO_APADA_banner.avif\",\"width\":512,\"height\":512,\"caption\":\"Associa\u00e7\u00e3o Portuguesa De Aikido e Disciplinas Associadas\"},\"image\":{\"@id\":\"https:\\\/\\\/apada.pt\\\/#\\\/schema\\\/logo\\\/image\\\/\"}}]}<\/script>\n<!-- \/ Yoast SEO plugin. -->","yoast_head_json":{"title":"APADA - Associa\u00e7\u00e3o Portuguesa De Aikido e Disciplinas Associadas","robots":{"index":"index","follow":"follow","max-snippet":"max-snippet:-1","max-image-preview":"max-image-preview:large","max-video-preview":"max-video-preview:-1"},"canonical":"https:\/\/apada.pt\/index.php\/apada\/","og_locale":"pt_PT","og_type":"article","og_title":"APADA - Associa\u00e7\u00e3o Portuguesa De Aikido e Disciplinas Associadas","og_description":"A APADA A Associa\u00e7\u00e3o Portuguesa de Aikid\u00f4 e Disciplinas Associadas (APADA) foi criada em 1975, pela iniciativa do Mestre Georges Stobbaerts, fundador do Aikido em Portugal, e de um grupo de alunos que praticavam no Budokan de Cascais, na rua Gomes Freire. \u00c9 uma Associa\u00e7\u00e3o sem fins lucrativos que promove o Aikid\u00f4 criado pelo Mestre [&hellip;]","og_url":"https:\/\/apada.pt\/index.php\/apada\/","og_site_name":"Associa\u00e7\u00e3o Portuguesa De Aikido e Disciplinas Associadas","article_modified_time":"2026-05-07T10:57:16+00:00","twitter_card":"summary_large_image","twitter_misc":{"Tempo estimado de leitura":"2 minutos"},"schema":{"@context":"https:\/\/schema.org","@graph":[{"@type":"WebPage","@id":"https:\/\/apada.pt\/index.php\/apada\/","url":"https:\/\/apada.pt\/index.php\/apada\/","name":"APADA - Associa\u00e7\u00e3o Portuguesa De Aikido e Disciplinas Associadas","isPartOf":{"@id":"https:\/\/apada.pt\/#website"},"primaryImageOfPage":{"@id":"https:\/\/apada.pt\/index.php\/apada\/#primaryimage"},"image":{"@id":"https:\/\/apada.pt\/index.php\/apada\/#primaryimage"},"thumbnailUrl":"https:\/\/apada.pt\/wp-content\/uploads\/2026\/05\/cropped-LOGO_APADA_banner.avif","datePublished":"2026-05-04T16:22:40+00:00","dateModified":"2026-05-07T10:57:16+00:00","breadcrumb":{"@id":"https:\/\/apada.pt\/index.php\/apada\/#breadcrumb"},"inLanguage":"pt-PT","potentialAction":[{"@type":"ReadAction","target":["https:\/\/apada.pt\/index.php\/apada\/"]}]},{"@type":"ImageObject","inLanguage":"pt-PT","@id":"https:\/\/apada.pt\/index.php\/apada\/#primaryimage","url":"https:\/\/apada.pt\/wp-content\/uploads\/2026\/05\/cropped-LOGO_APADA_banner.avif","contentUrl":"https:\/\/apada.pt\/wp-content\/uploads\/2026\/05\/cropped-LOGO_APADA_banner.avif","width":512,"height":512},{"@type":"BreadcrumbList","@id":"https:\/\/apada.pt\/index.php\/apada\/#breadcrumb","itemListElement":[{"@type":"ListItem","position":1,"name":"Home","item":"https:\/\/apada.pt\/"},{"@type":"ListItem","position":2,"name":"APADA"}]},{"@type":"WebSite","@id":"https:\/\/apada.pt\/#website","url":"https:\/\/apada.pt\/","name":"Associa\u00e7\u00e3o Portuguesa De Aikido e Disciplinas Associadas","description":"\u00c9 uma Associa\u00e7\u00e3o sem fins lucrativos que promove o Aikid\u00f4 criado pelo Mestre Morihei Ueshiba (Ai - harmonia, Ki - for\u00e7a c\u00f3smica - vida, Do - caminho com fim espiritual) e Disciplinas Associadas, velando por uma adequada aplica\u00e7\u00e3o dos seus princ\u00edpios.","publisher":{"@id":"https:\/\/apada.pt\/#organization"},"potentialAction":[{"@type":"SearchAction","target":{"@type":"EntryPoint","urlTemplate":"https:\/\/apada.pt\/?s={search_term_string}"},"query-input":{"@type":"PropertyValueSpecification","valueRequired":true,"valueName":"search_term_string"}}],"inLanguage":"pt-PT"},{"@type":"Organization","@id":"https:\/\/apada.pt\/#organization","name":"Associa\u00e7\u00e3o Portuguesa De Aikido e Disciplinas Associadas","url":"https:\/\/apada.pt\/","logo":{"@type":"ImageObject","inLanguage":"pt-PT","@id":"https:\/\/apada.pt\/#\/schema\/logo\/image\/","url":"https:\/\/apada.pt\/wp-content\/uploads\/2026\/05\/cropped-LOGO_APADA_banner.avif","contentUrl":"https:\/\/apada.pt\/wp-content\/uploads\/2026\/05\/cropped-LOGO_APADA_banner.avif","width":512,"height":512,"caption":"Associa\u00e7\u00e3o Portuguesa De Aikido e Disciplinas Associadas"},"image":{"@id":"https:\/\/apada.pt\/#\/schema\/logo\/image\/"}}]}},"_links":{"self":[{"href":"https:\/\/apada.pt\/index.php\/wp-json\/wp\/v2\/pages\/32","targetHints":{"allow":["GET"]}}],"collection":[{"href":"https:\/\/apada.pt\/index.php\/wp-json\/wp\/v2\/pages"}],"about":[{"href":"https:\/\/apada.pt\/index.php\/wp-json\/wp\/v2\/types\/page"}],"author":[{"embeddable":true,"href":"https:\/\/apada.pt\/index.php\/wp-json\/wp\/v2\/users\/2"}],"replies":[{"embeddable":true,"href":"https:\/\/apada.pt\/index.php\/wp-json\/wp\/v2\/comments?post=32"}],"version-history":[{"count":34,"href":"https:\/\/apada.pt\/index.php\/wp-json\/wp\/v2\/pages\/32\/revisions"}],"predecessor-version":[{"id":470,"href":"https:\/\/apada.pt\/index.php\/wp-json\/wp\/v2\/pages\/32\/revisions\/470"}],"wp:attachment":[{"href":"https:\/\/apada.pt\/index.php\/wp-json\/wp\/v2\/media?parent=32"}],"curies":[{"name":"wp","href":"https:\/\/api.w.org\/{rel}","templated":true}]}}