{"id":34,"date":"2026-05-04T16:23:02","date_gmt":"2026-05-04T16:23:02","guid":{"rendered":"https:\/\/apada.pt\/?page_id=34"},"modified":"2026-05-07T10:36:32","modified_gmt":"2026-05-07T10:36:32","slug":"onde-praticar","status":"publish","type":"page","link":"https:\/\/apada.pt\/index.php\/onde-praticar\/","title":{"rendered":"Onde praticar"},"content":{"rendered":"\t\t<div data-elementor-type=\"wp-page\" data-elementor-id=\"34\" class=\"elementor elementor-34\" data-elementor-post-type=\"page\">\n\t\t\t\t<div class=\"elementor-element elementor-element-0050d97 e-con-full e-flex e-con e-parent\" data-id=\"0050d97\" data-element_type=\"container\" data-e-type=\"container\" data-settings=\"{&quot;background_background&quot;:&quot;classic&quot;}\">\n\t\t<div class=\"elementor-element elementor-element-61c7600 e-con-full e-flex e-con e-child\" data-id=\"61c7600\" data-element_type=\"container\" data-e-type=\"container\">\n\t\t\t\t<div class=\"elementor-element elementor-element-e5eca4e elementor-widget elementor-widget-heading\" data-id=\"e5eca4e\" data-element_type=\"widget\" data-e-type=\"widget\" data-widget_type=\"heading.default\">\n\t\t\t\t\t<h2 class=\"elementor-heading-title elementor-size-default\">Onde praticar<\/h2>\t\t\t\t<\/div>\n\t\t\t\t<\/div>\n\t\t\t\t<\/div>\n\t\t<div class=\"elementor-element elementor-element-27e86b3 e-con-full e-flex e-con e-parent\" data-id=\"27e86b3\" data-element_type=\"container\" data-e-type=\"container\" data-settings=\"{&quot;background_background&quot;:&quot;classic&quot;}\">\n\t\t<div class=\"elementor-element elementor-element-c4352f3 e-con-full e-flex e-con e-child\" data-id=\"c4352f3\" data-element_type=\"container\" data-e-type=\"container\" data-settings=\"{&quot;background_background&quot;:&quot;classic&quot;}\">\n\t\t\t\t<div class=\"elementor-element elementor-element-75bef91 elementor-widget elementor-widget-heading\" data-id=\"75bef91\" data-element_type=\"widget\" data-e-type=\"widget\" data-widget_type=\"heading.default\">\n\t\t\t\t\t<h5 class=\"elementor-heading-title elementor-size-default\">SOCIEDADE DE INSTRU\u00c7\u00c3O MUSICAL E ESCOLAR CRUZ QUEBRADENSE - SIMECQ\n<\/h5>\t\t\t\t<\/div>\n\t\t\t\t<div class=\"elementor-element elementor-element-185fc7f elementor-widget elementor-widget-text-editor\" data-id=\"185fc7f\" data-element_type=\"widget\" data-e-type=\"widget\" data-widget_type=\"text-editor.default\">\n\t\t\t\t\t\t\t\t\t<p>Cruz Quebrada<\/p>\t\t\t\t\t\t\t\t<\/div>\n\t\t<div class=\"elementor-element elementor-element-8da1ce6 e-grid e-con-full e-con e-child\" data-id=\"8da1ce6\" data-element_type=\"container\" data-e-type=\"container\">\n\t\t\t\t<div class=\"elementor-element elementor-element-cf94e81 elementor-widget elementor-widget-text-editor\" data-id=\"cf94e81\" data-element_type=\"widget\" data-e-type=\"widget\" data-widget_type=\"text-editor.default\">\n\t\t\t\t\t\t\t\t\t<p><strong>Segundas e Quartas<\/strong><\/p><p><em>Professor: Gon\u00e7alo Almeida<\/em><\/p><p class=\"font_9 wixui-rich-text__text\"><span class=\"wixui-rich-text__text\"><span class=\"color_15 wixui-rich-text__text\">Aula Crian\u00e7as: 19h00 \u00e0s 20h00<\/span><\/span><\/p><p class=\"font_9 wixui-rich-text__text\"><span class=\"wixui-rich-text__text\"><span class=\"color_15 wixui-rich-text__text\">Aula Adultos: 20h00 \u00e0s 21h00<\/span><\/span><\/p><p class=\"font_9 wixui-rich-text__text\"><span class=\"wixui-rich-text__text\">\u200b<\/span><\/p><p class=\"font_9 wixui-rich-text__text\"><strong><span class=\"wixui-rich-text__text\"><span class=\"color_15 wixui-rich-text__text\">Domingo<\/span><\/span><\/strong><\/p><p class=\"font_9 wixui-rich-text__text\"><em><span class=\"wixui-rich-text__text\"><span class=\"color_15 wixui-rich-text__text\">Professor: Gon\u00e7alo Almeida<\/span><\/span><\/em><\/p><p class=\"font_9 wixui-rich-text__text\"><span class=\"wixui-rich-text__text\"><span class=\"color_15 wixui-rich-text__text\">Aula Adultos: 10h00 \u00e0s 12h00<\/span><\/span><\/p>\t\t\t\t\t\t\t\t<\/div>\n\t\t\t\t<div class=\"elementor-element elementor-element-7e3f4d7 elementor-widget elementor-widget-text-editor\" data-id=\"7e3f4d7\" data-element_type=\"widget\" data-e-type=\"widget\" data-widget_type=\"text-editor.default\">\n\t\t\t\t\t\t\t\t\t<p class=\"font_9 wixui-rich-text__text\"><strong><span class=\"wixui-rich-text__text\"><span class=\"color_15 wixui-rich-text__text\">Localiza\u00e7\u00e3o<\/span><\/span><\/strong><\/p><p class=\"font_9 wixui-rich-text__text\"><span class=\"wixui-rich-text__text\"><span class=\"color_15 wixui-rich-text__text\">Rua Sacadura Cabral, n 81<\/span><\/span><\/p><p class=\"font_9 wixui-rich-text__text\"><span class=\"wixui-rich-text__text\"><span class=\"color_15 wixui-rich-text__text\">1495-703 Cruz-Quebrada<\/span><\/span><\/p><p class=\"font_9 wixui-rich-text__text\"><span class=\"wixui-rich-text__text\">\u200b<\/span><\/p><p class=\"font_9 wixui-rich-text__text\"><strong><span class=\"wixui-rich-text__text\"><span class=\"color_15 wixui-rich-text__text\">Contactos<\/span><\/span><\/strong><\/p><p class=\"font_9 wixui-rich-text__text\"><span class=\"wixui-rich-text__text\"><span class=\"color_15 wixui-rich-text__text\">Tel: 21 419 73 52<\/span><\/span><\/p><p class=\"font_9 wixui-rich-text__text\"><span class=\"wixui-rich-text__text\"><span class=\"color_15 wixui-rich-text__text\">Tel. Professor:\u00a0 929 196 286<\/span><\/span><\/p><p class=\"font_9 wixui-rich-text__text\"><span class=\"wixui-rich-text__text\">\u200b<\/span><\/p>\t\t\t\t\t\t\t\t<\/div>\n\t\t\t\t<\/div>\n\t\t\t\t<\/div>\n\t\t<div class=\"elementor-element elementor-element-d3fcadc e-con-full e-flex e-con e-child\" data-id=\"d3fcadc\" data-element_type=\"container\" data-e-type=\"container\" data-settings=\"{&quot;background_background&quot;:&quot;classic&quot;}\">\n\t\t\t\t<div class=\"elementor-element elementor-element-1a4693a elementor-widget elementor-widget-heading\" data-id=\"1a4693a\" data-element_type=\"widget\" data-e-type=\"widget\" data-widget_type=\"heading.default\">\n\t\t\t\t\t<h5 class=\"elementor-heading-title elementor-size-default\">LIGA DOS MELHORAMENTOS E RECREIOS DE ALG\u00c9S\n<\/h5>\t\t\t\t<\/div>\n\t\t\t\t<div class=\"elementor-element elementor-element-d8b7bcc elementor-widget elementor-widget-text-editor\" data-id=\"d8b7bcc\" data-element_type=\"widget\" data-e-type=\"widget\" data-widget_type=\"text-editor.default\">\n\t\t\t\t\t\t\t\t\t<p>Alg\u00e9s<\/p>\t\t\t\t\t\t\t\t<\/div>\n\t\t<div class=\"elementor-element elementor-element-730e740 e-grid e-con-full e-con e-child\" data-id=\"730e740\" data-element_type=\"container\" data-e-type=\"container\">\n\t\t\t\t<div class=\"elementor-element elementor-element-7c0ef5c elementor-widget elementor-widget-text-editor\" data-id=\"7c0ef5c\" data-element_type=\"widget\" data-e-type=\"widget\" data-widget_type=\"text-editor.default\">\n\t\t\t\t\t\t\t\t\t<p><strong>Segundas e Quartas<\/strong><\/p><p><em>Professor: Francisco Eus\u00e9bio<\/em><\/p><p>Aula Adultos: das 12h00 \u00e0s 13h30<\/p>\t\t\t\t\t\t\t\t<\/div>\n\t\t\t\t<div class=\"elementor-element elementor-element-3aa63f8 elementor-widget elementor-widget-text-editor\" data-id=\"3aa63f8\" data-element_type=\"widget\" data-e-type=\"widget\" data-widget_type=\"text-editor.default\">\n\t\t\t\t\t\t\t\t\t<p class=\"font_9 wixui-rich-text__text\"><strong><span class=\"wixui-rich-text__text\"><span class=\"color_15 wixui-rich-text__text\">Localiza\u00e7\u00e3o<\/span><\/span><\/strong><\/p><p class=\"font_9 wixui-rich-text__text\"><span class=\"wixui-rich-text__text\"><span class=\"color_15 wixui-rich-text__text\">Rua Ernesto Silva, 95 \u2013 R\/C<\/span><\/span><\/p><p class=\"font_9 wixui-rich-text__text\"><span class=\"wixui-rich-text__text\"><span class=\"color_15 wixui-rich-text__text\">1495-057 Alg\u00e9s<\/span><\/span><\/p><p class=\"font_9 wixui-rich-text__text\"><span class=\"wixui-rich-text__text\">\u200b<\/span><\/p><p class=\"font_9 wixui-rich-text__text\"><strong><span class=\"wixui-rich-text__text\"><span class=\"color_15 wixui-rich-text__text\">Contactos<\/span><\/span><\/strong><\/p><p class=\"font_9 wixui-rich-text__text\"><span class=\"wixui-rich-text__text\"><span class=\"color_15 wixui-rich-text__text\">Tel. Professor: 964 250 136<\/span><\/span><\/p><p class=\"font_9 wixui-rich-text__text\"><span class=\"wixui-rich-text__text\"><span class=\"color_15 wixui-rich-text__text\">email:\u00a0<a class=\"wixui-rich-text__text\" href=\"mailto:fmeusebio@gmail.com\" data-auto-recognition=\"true\">fmeusebio@gmail.com<\/a><\/span><\/span><\/p>\t\t\t\t\t\t\t\t<\/div>\n\t\t\t\t<\/div>\n\t\t\t\t<\/div>\n\t\t\t\t<\/div>\n\t\t<div class=\"elementor-element elementor-element-1139e2a e-con-full e-flex e-con e-parent\" data-id=\"1139e2a\" data-element_type=\"container\" data-e-type=\"container\" data-settings=\"{&quot;background_background&quot;:&quot;classic&quot;}\">\n\t\t<div class=\"elementor-element elementor-element-66ca289 e-con-full e-flex e-con e-child\" data-id=\"66ca289\" data-element_type=\"container\" data-e-type=\"container\" data-settings=\"{&quot;background_background&quot;:&quot;classic&quot;}\">\n\t\t\t\t<div class=\"elementor-element elementor-element-90d19d6 elementor-widget elementor-widget-heading\" data-id=\"90d19d6\" data-element_type=\"widget\" data-e-type=\"widget\" data-widget_type=\"heading.default\">\n\t\t\t\t\t<h5 class=\"elementor-heading-title elementor-size-default\">SOCIEDADE PROMOTORA DE EDUCA\u00c7\u00c3O POPULAR\n<\/h5>\t\t\t\t<\/div>\n\t\t\t\t<div class=\"elementor-element elementor-element-9c8ba8c elementor-widget elementor-widget-text-editor\" data-id=\"9c8ba8c\" data-element_type=\"widget\" data-e-type=\"widget\" data-widget_type=\"text-editor.default\">\n\t\t\t\t\t\t\t\t\t<p>Lisboa &#8211; Alc\u00e2ntara<\/p>\t\t\t\t\t\t\t\t<\/div>\n\t\t<div class=\"elementor-element elementor-element-ab5c4f3 e-grid e-con-full e-con e-child\" data-id=\"ab5c4f3\" data-element_type=\"container\" data-e-type=\"container\">\n\t\t\t\t<div class=\"elementor-element elementor-element-582fb6b elementor-widget elementor-widget-text-editor\" data-id=\"582fb6b\" data-element_type=\"widget\" data-e-type=\"widget\" data-widget_type=\"text-editor.default\">\n\t\t\t\t\t\t\t\t\t<p><strong>Ter\u00e7as e Quintas<\/strong><\/p><p><em>Professor: Francisco Eus\u00e9bio<\/em><\/p><p>Aulas Crian\u00e7as: das 19h00 \u00e0s 20h00<\/p><p>Aula Adultos: das 20h00 \u00e0s 21h00<\/p>\t\t\t\t\t\t\t\t<\/div>\n\t\t\t\t<div class=\"elementor-element elementor-element-d9ca5d2 elementor-widget elementor-widget-text-editor\" data-id=\"d9ca5d2\" data-element_type=\"widget\" data-e-type=\"widget\" data-widget_type=\"text-editor.default\">\n\t\t\t\t\t\t\t\t\t<p><strong>\u200bLocaliza\u00e7\u00e3o<\/strong><\/p><p>Largo das Fonta\u00ednhas, 19<\/p><p>1300-255 Lisboa<\/p><p>\u200b<\/p><p><strong>Contactos<\/strong><\/p><p>Tel. Professor: 964 250 136<\/p>\t\t\t\t\t\t\t\t<\/div>\n\t\t\t\t<\/div>\n\t\t\t\t<\/div>\n\t\t<div class=\"elementor-element elementor-element-539cc26 e-con-full e-flex e-con e-child\" data-id=\"539cc26\" data-element_type=\"container\" data-e-type=\"container\" data-settings=\"{&quot;background_background&quot;:&quot;classic&quot;}\">\n\t\t\t\t<div class=\"elementor-element elementor-element-197635b elementor-widget elementor-widget-heading\" data-id=\"197635b\" data-element_type=\"widget\" data-e-type=\"widget\" data-widget_type=\"heading.default\">\n\t\t\t\t\t<h5 class=\"elementor-heading-title elementor-size-default\">VOZ DO OPER\u00c1RIO<\/h5>\t\t\t\t<\/div>\n\t\t\t\t<div class=\"elementor-element elementor-element-3002574 elementor-widget elementor-widget-text-editor\" data-id=\"3002574\" data-element_type=\"widget\" data-e-type=\"widget\" data-widget_type=\"text-editor.default\">\n\t\t\t\t\t\t\t\t\t<p>Lisboa &#8211; Gra\u00e7a<\/p>\t\t\t\t\t\t\t\t<\/div>\n\t\t<div class=\"elementor-element elementor-element-e822179 e-grid e-con-full e-con e-child\" data-id=\"e822179\" data-element_type=\"container\" data-e-type=\"container\">\n\t\t\t\t<div class=\"elementor-element elementor-element-e6f4116 elementor-widget elementor-widget-text-editor\" data-id=\"e6f4116\" data-element_type=\"widget\" data-e-type=\"widget\" data-widget_type=\"text-editor.default\">\n\t\t\t\t\t\t\t\t\t<p class=\"font_9 wixui-rich-text__text\"><strong><span class=\"wixui-rich-text__text\"><span class=\"color_15 wixui-rich-text__text\">Segundas e Quartas<\/span><\/span><\/strong><\/p>\n<p class=\"font_9 wixui-rich-text__text\"><span class=\"wixui-rich-text__text\"><span class=\"color_15 wixui-rich-text__text\">Crian\u00e7as (at\u00e9 15 anos)<\/span><\/span><\/p>\n<p class=\"font_9 wixui-rich-text__text\"><em><span class=\"wixui-rich-text__text\"><span class=\"color_15 wixui-rich-text__text\">Professor: Helena Pedroso e Rodrigo Dias<\/span><\/span><\/em><\/p>\n<p class=\"font_9 wixui-rich-text__text\"><span class=\"wixui-rich-text__text\"><span class=\"color_15 wixui-rich-text__text\">17h00 \u00e0s 18h00<\/span><\/span><\/p>\n<p class=\"font_9 wixui-rich-text__text\"><strong><span class=\"wixui-rich-text__text\"><span class=\"color_15 wixui-rich-text__text\">Ter\u00e7as e Sextas<\/span><\/span><\/strong><\/p>\n<p class=\"font_9 wixui-rich-text__text\">Adultos<\/p>\n<p class=\"font_9 wixui-rich-text__text\"><span class=\"wixui-rich-text__text\"><span class=\"color_15 wixui-rich-text__text\"><i>Professor: Gon\u00e7alo Macieira e Rodrigo Dias<\/i><\/span><\/span><span class=\"wixui-rich-text__text\"><\/span><\/p>\n<p class=\"font_9 wixui-rich-text__text\"><span class=\"wixui-rich-text__text\"><span class=\"color_15 wixui-rich-text__text\">Ter\u00e7a-Feira: 19h00 \u00e0s 20h30<\/span><\/span><\/p>\n<p class=\"font_9 wixui-rich-text__text\"><span class=\"wixui-rich-text__text\"><span class=\"color_15 wixui-rich-text__text\">Sexta-Feira: 18h30 \u00e0s 20h00<\/span><\/span><\/p>\t\t\t\t\t\t\t\t<\/div>\n\t\t\t\t<div class=\"elementor-element elementor-element-c4cec09 elementor-widget elementor-widget-text-editor\" data-id=\"c4cec09\" data-element_type=\"widget\" data-e-type=\"widget\" data-widget_type=\"text-editor.default\">\n\t\t\t\t\t\t\t\t\t<p class=\"font_9 wixui-rich-text__text\"><strong><span class=\"wixui-rich-text__text\"><span class=\"color_15 wixui-rich-text__text\">Localiza\u00e7\u00e3o<\/span><\/span><\/strong><\/p><p class=\"font_9 wixui-rich-text__text\">Rua da Voz do Oper\u00e1rio 13<\/p><p class=\"font_9 wixui-rich-text__text\">1100-620 Lisboa<\/p><p class=\"font_9 wixui-rich-text__text\"><span class=\"wixui-rich-text__text\">\u200b<\/span><\/p><p class=\"font_9 wixui-rich-text__text\"><strong><span class=\"wixui-rich-text__text\"><span class=\"color_15 wixui-rich-text__text\">Contactos<\/span><\/span><\/strong><\/p><p>+351 218 862 155<\/p><p>e-mail: <a href=\"mailto:geral@vozoperario.pt\" target=\"_blank\" rel=\"noopener\">geral@vozoperario.pt<\/a><\/p><p>\u00a0<\/p>\t\t\t\t\t\t\t\t<\/div>\n\t\t\t\t<\/div>\n\t\t\t\t<\/div>\n\t\t\t\t<\/div>\n\t\t\t\t<\/div>\n\t\t","protected":false},"excerpt":{"rendered":"<p>Onde praticar SOCIEDADE DE INSTRU\u00c7\u00c3O MUSICAL E ESCOLAR CRUZ QUEBRADENSE &#8211; SIMECQ Cruz Quebrada Segundas e Quartas Professor: Gon\u00e7alo Almeida Aula Crian\u00e7as: 19h00 \u00e0s 20h00 Aula Adultos: 20h00 \u00e0s 21h00 \u200b Domingo Professor: Gon\u00e7alo Almeida Aula Adultos: 10h00 \u00e0s 12h00 Localiza\u00e7\u00e3o Rua Sacadura Cabral, n 81 1495-703 Cruz-Quebrada \u200b Contactos Tel: 21 419 73 52 [&hellip;]<\/p>\n","protected":false},"author":2,"featured_media":0,"parent":0,"menu_order":0,"comment_status":"closed","ping_status":"closed","template":"","meta":{"footnotes":""},"class_list":["post-34","page","type-page","status-publish","hentry"],"yoast_head":"<!-- This site is optimized with the Yoast SEO plugin v27.5 - https:\/\/yoast.com\/product\/yoast-seo-wordpress\/ -->\n<title>Onde praticar - Associa\u00e7\u00e3o Portuguesa De Aikido e Disciplinas Associadas<\/title>\n<meta name=\"robots\" content=\"index, follow, max-snippet:-1, max-image-preview:large, max-video-preview:-1\" \/>\n<link rel=\"canonical\" href=\"https:\/\/apada.pt\/index.php\/onde-praticar\/\" \/>\n<meta property=\"og:locale\" content=\"pt_PT\" \/>\n<meta property=\"og:type\" content=\"article\" \/>\n<meta property=\"og:title\" content=\"Onde praticar - Associa\u00e7\u00e3o Portuguesa De Aikido e Disciplinas Associadas\" \/>\n<meta property=\"og:description\" content=\"Onde praticar SOCIEDADE DE INSTRU\u00c7\u00c3O MUSICAL E ESCOLAR CRUZ QUEBRADENSE &#8211; SIMECQ Cruz Quebrada Segundas e Quartas Professor: Gon\u00e7alo Almeida Aula Crian\u00e7as: 19h00 \u00e0s 20h00 Aula Adultos: 20h00 \u00e0s 21h00 \u200b Domingo Professor: Gon\u00e7alo Almeida Aula Adultos: 10h00 \u00e0s 12h00 Localiza\u00e7\u00e3o Rua Sacadura Cabral, n 81 1495-703 Cruz-Quebrada \u200b Contactos Tel: 21 419 73 52 [&hellip;]\" \/>\n<meta property=\"og:url\" content=\"https:\/\/apada.pt\/index.php\/onde-praticar\/\" \/>\n<meta property=\"og:site_name\" content=\"Associa\u00e7\u00e3o Portuguesa De Aikido e Disciplinas Associadas\" \/>\n<meta property=\"article:modified_time\" content=\"2026-05-07T10:36:32+00:00\" \/>\n<meta name=\"twitter:card\" content=\"summary_large_image\" \/>\n<meta name=\"twitter:label1\" content=\"Tempo estimado de leitura\" \/>\n\t<meta name=\"twitter:data1\" content=\"2 minutos\" \/>\n<script type=\"application\/ld+json\" class=\"yoast-schema-graph\">{\"@context\":\"https:\\\/\\\/schema.org\",\"@graph\":[{\"@type\":\"WebPage\",\"@id\":\"https:\\\/\\\/apada.pt\\\/index.php\\\/onde-praticar\\\/\",\"url\":\"https:\\\/\\\/apada.pt\\\/index.php\\\/onde-praticar\\\/\",\"name\":\"Onde praticar - Associa\u00e7\u00e3o Portuguesa De Aikido e Disciplinas Associadas\",\"isPartOf\":{\"@id\":\"https:\\\/\\\/apada.pt\\\/#website\"},\"datePublished\":\"2026-05-04T16:23:02+00:00\",\"dateModified\":\"2026-05-07T10:36:32+00:00\",\"breadcrumb\":{\"@id\":\"https:\\\/\\\/apada.pt\\\/index.php\\\/onde-praticar\\\/#breadcrumb\"},\"inLanguage\":\"pt-PT\",\"potentialAction\":[{\"@type\":\"ReadAction\",\"target\":[\"https:\\\/\\\/apada.pt\\\/index.php\\\/onde-praticar\\\/\"]}]},{\"@type\":\"BreadcrumbList\",\"@id\":\"https:\\\/\\\/apada.pt\\\/index.php\\\/onde-praticar\\\/#breadcrumb\",\"itemListElement\":[{\"@type\":\"ListItem\",\"position\":1,\"name\":\"Home\",\"item\":\"https:\\\/\\\/apada.pt\\\/\"},{\"@type\":\"ListItem\",\"position\":2,\"name\":\"Onde praticar\"}]},{\"@type\":\"WebSite\",\"@id\":\"https:\\\/\\\/apada.pt\\\/#website\",\"url\":\"https:\\\/\\\/apada.pt\\\/\",\"name\":\"Associa\u00e7\u00e3o Portuguesa De Aikido e Disciplinas Associadas\",\"description\":\"\u00c9 uma Associa\u00e7\u00e3o sem fins lucrativos que promove o Aikid\u00f4 criado pelo Mestre Morihei Ueshiba (Ai - harmonia, Ki - for\u00e7a c\u00f3smica - vida, Do - caminho com fim espiritual) e Disciplinas Associadas, velando por uma adequada aplica\u00e7\u00e3o dos seus princ\u00edpios.\",\"publisher\":{\"@id\":\"https:\\\/\\\/apada.pt\\\/#organization\"},\"potentialAction\":[{\"@type\":\"SearchAction\",\"target\":{\"@type\":\"EntryPoint\",\"urlTemplate\":\"https:\\\/\\\/apada.pt\\\/?s={search_term_string}\"},\"query-input\":{\"@type\":\"PropertyValueSpecification\",\"valueRequired\":true,\"valueName\":\"search_term_string\"}}],\"inLanguage\":\"pt-PT\"},{\"@type\":\"Organization\",\"@id\":\"https:\\\/\\\/apada.pt\\\/#organization\",\"name\":\"Associa\u00e7\u00e3o Portuguesa De Aikido e Disciplinas Associadas\",\"url\":\"https:\\\/\\\/apada.pt\\\/\",\"logo\":{\"@type\":\"ImageObject\",\"inLanguage\":\"pt-PT\",\"@id\":\"https:\\\/\\\/apada.pt\\\/#\\\/schema\\\/logo\\\/image\\\/\",\"url\":\"https:\\\/\\\/apada.pt\\\/wp-content\\\/uploads\\\/2026\\\/05\\\/cropped-LOGO_APADA_banner.avif\",\"contentUrl\":\"https:\\\/\\\/apada.pt\\\/wp-content\\\/uploads\\\/2026\\\/05\\\/cropped-LOGO_APADA_banner.avif\",\"width\":512,\"height\":512,\"caption\":\"Associa\u00e7\u00e3o Portuguesa De Aikido e Disciplinas Associadas\"},\"image\":{\"@id\":\"https:\\\/\\\/apada.pt\\\/#\\\/schema\\\/logo\\\/image\\\/\"}}]}<\/script>\n<!-- \/ Yoast SEO plugin. -->","yoast_head_json":{"title":"Onde praticar - Associa\u00e7\u00e3o Portuguesa De Aikido e Disciplinas Associadas","robots":{"index":"index","follow":"follow","max-snippet":"max-snippet:-1","max-image-preview":"max-image-preview:large","max-video-preview":"max-video-preview:-1"},"canonical":"https:\/\/apada.pt\/index.php\/onde-praticar\/","og_locale":"pt_PT","og_type":"article","og_title":"Onde praticar - Associa\u00e7\u00e3o Portuguesa De Aikido e Disciplinas Associadas","og_description":"Onde praticar SOCIEDADE DE INSTRU\u00c7\u00c3O MUSICAL E ESCOLAR CRUZ QUEBRADENSE &#8211; SIMECQ Cruz Quebrada Segundas e Quartas Professor: Gon\u00e7alo Almeida Aula Crian\u00e7as: 19h00 \u00e0s 20h00 Aula Adultos: 20h00 \u00e0s 21h00 \u200b Domingo Professor: Gon\u00e7alo Almeida Aula Adultos: 10h00 \u00e0s 12h00 Localiza\u00e7\u00e3o Rua Sacadura Cabral, n 81 1495-703 Cruz-Quebrada \u200b Contactos Tel: 21 419 73 52 [&hellip;]","og_url":"https:\/\/apada.pt\/index.php\/onde-praticar\/","og_site_name":"Associa\u00e7\u00e3o Portuguesa De Aikido e Disciplinas Associadas","article_modified_time":"2026-05-07T10:36:32+00:00","twitter_card":"summary_large_image","twitter_misc":{"Tempo estimado de leitura":"2 minutos"},"schema":{"@context":"https:\/\/schema.org","@graph":[{"@type":"WebPage","@id":"https:\/\/apada.pt\/index.php\/onde-praticar\/","url":"https:\/\/apada.pt\/index.php\/onde-praticar\/","name":"Onde praticar - Associa\u00e7\u00e3o Portuguesa De Aikido e Disciplinas Associadas","isPartOf":{"@id":"https:\/\/apada.pt\/#website"},"datePublished":"2026-05-04T16:23:02+00:00","dateModified":"2026-05-07T10:36:32+00:00","breadcrumb":{"@id":"https:\/\/apada.pt\/index.php\/onde-praticar\/#breadcrumb"},"inLanguage":"pt-PT","potentialAction":[{"@type":"ReadAction","target":["https:\/\/apada.pt\/index.php\/onde-praticar\/"]}]},{"@type":"BreadcrumbList","@id":"https:\/\/apada.pt\/index.php\/onde-praticar\/#breadcrumb","itemListElement":[{"@type":"ListItem","position":1,"name":"Home","item":"https:\/\/apada.pt\/"},{"@type":"ListItem","position":2,"name":"Onde praticar"}]},{"@type":"WebSite","@id":"https:\/\/apada.pt\/#website","url":"https:\/\/apada.pt\/","name":"Associa\u00e7\u00e3o Portuguesa De Aikido e Disciplinas Associadas","description":"\u00c9 uma Associa\u00e7\u00e3o sem fins lucrativos que promove o Aikid\u00f4 criado pelo Mestre Morihei Ueshiba (Ai - harmonia, Ki - for\u00e7a c\u00f3smica - vida, Do - caminho com fim espiritual) e Disciplinas Associadas, velando por uma adequada aplica\u00e7\u00e3o dos seus princ\u00edpios.","publisher":{"@id":"https:\/\/apada.pt\/#organization"},"potentialAction":[{"@type":"SearchAction","target":{"@type":"EntryPoint","urlTemplate":"https:\/\/apada.pt\/?s={search_term_string}"},"query-input":{"@type":"PropertyValueSpecification","valueRequired":true,"valueName":"search_term_string"}}],"inLanguage":"pt-PT"},{"@type":"Organization","@id":"https:\/\/apada.pt\/#organization","name":"Associa\u00e7\u00e3o Portuguesa De Aikido e Disciplinas Associadas","url":"https:\/\/apada.pt\/","logo":{"@type":"ImageObject","inLanguage":"pt-PT","@id":"https:\/\/apada.pt\/#\/schema\/logo\/image\/","url":"https:\/\/apada.pt\/wp-content\/uploads\/2026\/05\/cropped-LOGO_APADA_banner.avif","contentUrl":"https:\/\/apada.pt\/wp-content\/uploads\/2026\/05\/cropped-LOGO_APADA_banner.avif","width":512,"height":512,"caption":"Associa\u00e7\u00e3o Portuguesa De Aikido e Disciplinas Associadas"},"image":{"@id":"https:\/\/apada.pt\/#\/schema\/logo\/image\/"}}]}},"_links":{"self":[{"href":"https:\/\/apada.pt\/index.php\/wp-json\/wp\/v2\/pages\/34","targetHints":{"allow":["GET"]}}],"collection":[{"href":"https:\/\/apada.pt\/index.php\/wp-json\/wp\/v2\/pages"}],"about":[{"href":"https:\/\/apada.pt\/index.php\/wp-json\/wp\/v2\/types\/page"}],"author":[{"embeddable":true,"href":"https:\/\/apada.pt\/index.php\/wp-json\/wp\/v2\/users\/2"}],"replies":[{"embeddable":true,"href":"https:\/\/apada.pt\/index.php\/wp-json\/wp\/v2\/comments?post=34"}],"version-history":[{"count":22,"href":"https:\/\/apada.pt\/index.php\/wp-json\/wp\/v2\/pages\/34\/revisions"}],"predecessor-version":[{"id":454,"href":"https:\/\/apada.pt\/index.php\/wp-json\/wp\/v2\/pages\/34\/revisions\/454"}],"wp:attachment":[{"href":"https:\/\/apada.pt\/index.php\/wp-json\/wp\/v2\/media?parent=34"}],"curies":[{"name":"wp","href":"https:\/\/api.w.org\/{rel}","templated":true}]}}